{"id":86,"date":"2024-09-22T14:31:57","date_gmt":"2024-09-22T14:31:57","guid":{"rendered":"http:\/\/waagoepsykoterapi.dk\/?page_id=86"},"modified":"2024-10-25T08:37:05","modified_gmt":"2024-10-25T08:37:05","slug":"om-mig","status":"publish","type":"page","link":"http:\/\/waagoepsykoterapi.dk\/?page_id=86","title":{"rendered":"OM MIG"},"content":{"rendered":"\n<h4 class=\"wp-block-heading\"><\/h4>\n\n\n\n<p><\/p>\n\n\n\n<p class=\"has-medium-font-size\">Jeg er uddannet inden for forskellige traditioner, og kan derfor sammens\u00e6tte metoder og teknikker, s\u00e5 de justeres efter dine behov og pr\u00e6ferencer.<\/p>\n\n\n\n<p><br><br><\/p>\n\n\n\n<p style=\"font-size:16px\"><strong>Kropspsykoterapi<\/strong><br>Min terapeutiske grunduddannelse har jeg taget inden for den tradition der kaldes kropspsykoterapi, hvor der arbejdes ud fra en helhedsorienteret tilgang til sammenh\u00e6ngene mellem kropslige og psykiske processer. Jeg blev uddannet fra OPUC i 2018 og har praktiseret selvst\u00e6ndigt som psykoterapeut siden.<\/p>\n\n\n\n<p style=\"font-size:16px\"><strong>SCTRI&nbsp;&nbsp;&nbsp;<\/strong><br>Jeg er medlem af organisationen SCTRI (Systems-Centered Training and Research Institute). Her efteruddanner jeg mig og modtager l\u00f8bende konsultation og supervision inden for en systemisk tilgang, der hedder SCT (Systems Centered Therapy). Det har jeg gjort siden 2020.<\/p>\n\n\n\n<p style=\"font-size:16px\"><strong>Traumeterapi&nbsp;&nbsp;&nbsp;&nbsp;&nbsp;&nbsp;&nbsp;&nbsp;&nbsp;&nbsp;&nbsp;&nbsp;&nbsp;&nbsp;&nbsp;&nbsp;&nbsp;<\/strong><br>Jeg har gennem kurser inden for Somatic Experiencing og Relationel Traumeterapi, l\u00f8bende tilegnet mig viden og praktisk erfaring med traumeomr\u00e5det.<br><br><br><\/p>\n\n\n\n<figure class=\"wp-block-image size-large\"><img loading=\"lazy\" decoding=\"async\" width=\"1024\" height=\"683\" src=\"http:\/\/waagoepsykoterapi.dk\/wp-content\/uploads\/2024\/10\/MG_8195_BLWT-1024x683.jpg\" alt=\"\" class=\"wp-image-189\" srcset=\"http:\/\/waagoepsykoterapi.dk\/wp-content\/uploads\/2024\/10\/MG_8195_BLWT-1024x683.jpg 1024w, http:\/\/waagoepsykoterapi.dk\/wp-content\/uploads\/2024\/10\/MG_8195_BLWT-300x200.jpg 300w, http:\/\/waagoepsykoterapi.dk\/wp-content\/uploads\/2024\/10\/MG_8195_BLWT-768x512.jpg 768w, http:\/\/waagoepsykoterapi.dk\/wp-content\/uploads\/2024\/10\/MG_8195_BLWT-1536x1024.jpg 1536w, http:\/\/waagoepsykoterapi.dk\/wp-content\/uploads\/2024\/10\/MG_8195_BLWT-2048x1365.jpg 2048w\" sizes=\"(max-width: 1024px) 100vw, 1024px\" \/><\/figure>\n\n\n\n<h4 class=\"wp-block-heading\"><br><br><br><\/h4>\n\n\n\n<p class=\"has-text-align-center has-medium-font-size\">Du er velkommen til at <a href=\"https:\/\/waagoepsykoterapi.dk\/?page_id=19\" data-type=\"page\" data-id=\"19\">kontakte mig<\/a> og aftale en tid!<\/p>\n\n\n\n<p><\/p>\n","protected":false},"excerpt":{"rendered":"<p>Jeg er uddannet inden for forskellige traditioner, og kan derfor sammens\u00e6tte metoder og teknikker, s\u00e5 de justeres efter dine behov og pr\u00e6ferencer. KropspsykoterapiMin terapeutiske grunduddannelse har jeg taget inden for &#8230;<\/p>\n","protected":false},"author":1,"featured_media":0,"parent":0,"menu_order":0,"comment_status":"closed","ping_status":"closed","template":"","meta":{"footnotes":""},"class_list":["post-86","page","type-page","status-publish","hentry"],"_links":{"self":[{"href":"http:\/\/waagoepsykoterapi.dk\/index.php?rest_route=\/wp\/v2\/pages\/86"}],"collection":[{"href":"http:\/\/waagoepsykoterapi.dk\/index.php?rest_route=\/wp\/v2\/pages"}],"about":[{"href":"http:\/\/waagoepsykoterapi.dk\/index.php?rest_route=\/wp\/v2\/types\/page"}],"author":[{"embeddable":true,"href":"http:\/\/waagoepsykoterapi.dk\/index.php?rest_route=\/wp\/v2\/users\/1"}],"replies":[{"embeddable":true,"href":"http:\/\/waagoepsykoterapi.dk\/index.php?rest_route=%2Fwp%2Fv2%2Fcomments&post=86"}],"version-history":[{"count":26,"href":"http:\/\/waagoepsykoterapi.dk\/index.php?rest_route=\/wp\/v2\/pages\/86\/revisions"}],"predecessor-version":[{"id":256,"href":"http:\/\/waagoepsykoterapi.dk\/index.php?rest_route=\/wp\/v2\/pages\/86\/revisions\/256"}],"wp:attachment":[{"href":"http:\/\/waagoepsykoterapi.dk\/index.php?rest_route=%2Fwp%2Fv2%2Fmedia&parent=86"}],"curies":[{"name":"wp","href":"https:\/\/api.w.org\/{rel}","templated":true}]}}